{"id":1978,"date":"2022-01-03T08:01:16","date_gmt":"2022-01-03T08:01:16","guid":{"rendered":"https:\/\/bodor.ro\/politica-de-cookies\/"},"modified":"2023-07-19T10:59:05","modified_gmt":"2023-07-19T10:59:05","slug":"politica-de-cookies","status":"publish","type":"page","link":"https:\/\/bodor.ro\/ro\/politica-de-cookies\/","title":{"rendered":"Politica de cookies"},"content":{"rendered":"\t\t<div data-elementor-type=\"wp-page\" data-elementor-id=\"1978\" class=\"elementor elementor-1978 elementor-23\">\n\t\t\t\t\t\t<section class=\"elementor-section elementor-top-section elementor-element elementor-element-687bb26 elementor-section-height-min-height elementor-section-boxed elementor-section-height-default elementor-section-items-middle elementor-invisible\" data-id=\"687bb26\" data-element_type=\"section\" data-e-type=\"section\" data-settings=\"{&quot;background_background&quot;:&quot;classic&quot;,&quot;shape_divider_bottom&quot;:&quot;curve&quot;,&quot;animation&quot;:&quot;fadeInDown&quot;,&quot;animation_mobile&quot;:&quot;none&quot;}\">\n\t\t\t\t\t\t\t<div class=\"elementor-background-overlay\"><\/div>\n\t\t\t\t\t\t<div class=\"elementor-shape elementor-shape-bottom\" aria-hidden=\"true\" data-negative=\"false\">\n\t\t\t<svg xmlns=\"http:\/\/www.w3.org\/2000\/svg\" viewBox=\"0 0 1000 100\" preserveAspectRatio=\"none\">\n    <path class=\"elementor-shape-fill\" d=\"M1000,4.3V0H0v4.3C0.9,23.1,126.7,99.2,500,100S1000,22.7,1000,4.3z\"\/>\n<\/svg>\t\t<\/div>\n\t\t\t\t\t<div class=\"elementor-container elementor-column-gap-default\">\n\t\t\t\t\t<div class=\"elementor-column elementor-col-100 elementor-top-column elementor-element elementor-element-ccc0962\" data-id=\"ccc0962\" data-element_type=\"column\" data-e-type=\"column\">\n\t\t\t<div class=\"elementor-widget-wrap elementor-element-populated\">\n\t\t\t\t\t\t<div class=\"elementor-element elementor-element-027afd4 elementor-widget elementor-widget-heading\" data-id=\"027afd4\" data-element_type=\"widget\" data-e-type=\"widget\" data-widget_type=\"heading.default\">\n\t\t\t\t<div class=\"elementor-widget-container\">\n\t\t\t\t\t<h2 class=\"elementor-heading-title elementor-size-default\">Politic\u0103 privind fi\u0219ierele cookies<\/h2>\t\t\t\t<\/div>\n\t\t\t\t<\/div>\n\t\t\t\t<div class=\"elementor-element elementor-element-9c6792a elementor-widget-divider--view-line elementor-widget elementor-widget-divider\" data-id=\"9c6792a\" data-element_type=\"widget\" data-e-type=\"widget\" data-widget_type=\"divider.default\">\n\t\t\t\t<div class=\"elementor-widget-container\">\n\t\t\t\t\t\t\t<div class=\"elementor-divider\">\n\t\t\t<span class=\"elementor-divider-separator\">\n\t\t\t\t\t\t<\/span>\n\t\t<\/div>\n\t\t\t\t\t\t<\/div>\n\t\t\t\t<\/div>\n\t\t\t\t\t<\/div>\n\t\t<\/div>\n\t\t\t\t\t<\/div>\n\t\t<\/section>\n\t\t\t\t<section class=\"elementor-section elementor-top-section elementor-element elementor-element-d57efaa elementor-section-boxed elementor-section-height-default elementor-section-height-default elementor-invisible\" data-id=\"d57efaa\" data-element_type=\"section\" data-e-type=\"section\" data-settings=\"{&quot;animation&quot;:&quot;fadeInUp&quot;,&quot;animation_mobile&quot;:&quot;none&quot;}\">\n\t\t\t\t\t\t<div class=\"elementor-container elementor-column-gap-default\">\n\t\t\t\t\t<div class=\"elementor-column elementor-col-100 elementor-top-column elementor-element elementor-element-ecd3c24\" data-id=\"ecd3c24\" data-element_type=\"column\" data-e-type=\"column\">\n\t\t\t<div class=\"elementor-widget-wrap elementor-element-populated\">\n\t\t\t\t\t\t<div class=\"elementor-element elementor-element-ab1e6b2 elementor-widget elementor-widget-text-editor\" data-id=\"ab1e6b2\" data-element_type=\"widget\" data-e-type=\"widget\" data-widget_type=\"text-editor.default\">\n\t\t\t\t<div class=\"elementor-widget-container\">\n\t\t\t\t\t\t\t\t\t<p>Scopul acestei politici de cookies (\u201e<b>Politic\u0103 de Cookies<\/b><span style=\"font-weight: 400;\">\u201d) este de a informa utilizatorii cu privire la modul \u00een care <\/span><b>BODOR ARCHITECTURE S.R.L.<\/b><span style=\"font-weight: 400;\">, av\u00e2nd sediul \u00een STR. KOSSUTH LAJOS, NR.1, BL.2, SC.E, AP.2, Sf\u00e2ntu Gheorghe, Covasna, cod de identificare fiscal\u0103 14333536, \u00eenregistrat\u0103 la Oficiul Registrului Comer\u021bului sub nr.J14\/81\/2014 (&#8222;<\/span><b>BODOR ARCHITECTURE S.R.L.<\/b><span style=\"font-weight: 400;\">&#8222;, &#8222;<\/span><b>noi<\/b><span style=\"font-weight: 400;\">&#8222;), utilizeaz\u0103 cookies pe site-ul <\/span><a href=\"https:\/\/bodor.ro\/ro\/\"><b>bodor.ro<\/b><\/a><span style=\"font-weight: 400;\"> (\u201e<\/span><b>Site-ul<\/b><span style=\"font-weight: 400;\">\u201d).<\/span><\/p>\n<p style=\"text-align: left;\"><span style=\"font-weight: 400;\">Aceast\u0103 Politic\u0103 de Cookies se completeaz\u0103 cu politica de prelucrare a datelor cu caracter personal (\u201e<\/span><b>Politica de prelucrare a datelor<\/b><span style=\"font-weight: 400;\">\u201d) \u0219i cu termenii \u0219i condi\u021biile Site-ului.<\/span><\/p>\n<h3 style=\"text-align: left;\"><b><\/b><b>1. Despre cookie-uri<\/b><\/h3>\n<p style=\"text-align: left;\"><span style=\"font-weight: 400;\">Cookie-urile sunt fi\u0219iere text de mici dimensiuni care vor fi stocate pe dispozitivul (computerul, terminalul mobil sau alte echipamente) unui utilizator la momentul acces\u0103rii Internetului. Cookie-urile au rolul de a asigura utilizatorului o experien\u021b\u0103 pl\u0103cut\u0103 de navigare a unui website \u0219i prin oferirea anumitor func\u021bionalit\u0103\u021bi (precum op\u021biunile privind limba, salvarea datelor de \u00eenregistrare, analizarea navig\u0103rii) de a \u00eembun\u0103t\u0103\u021bi aceast\u0103 experien\u021b\u0103.<\/span><\/p>\n<p style=\"text-align: left;\"><span style=\"font-weight: 400;\">Ca regul\u0103, utilizarea cookie-urilor nu implic\u0103 prelucrarea de date cu caracter personal \u0219i, \u00een cele mai multe cazuri, nu identific\u0103 personal utilizatorii. Cu toate acestea, dac\u0103 utilizarea cookie-urilor au ca rezultat prelucrarea de date cu caracter personal, pentru prelucrarea respectiva devine aplicabil\u0103 Politica de prelucrare a datelor.<\/span><\/p>\n<h3 style=\"text-align: left;\"><b><\/b><b>2. Tipuri de cookie-uri \u0219i durata de via\u021b\u0103<\/b><\/h3>\n<p style=\"text-align: left;\"><i><span style=\"font-weight: 400;\">Cookie-uri de sesiune<\/span><\/i><span style=\"font-weight: 400;\"> &#8211; cookie-urile ce sunt \u0219terse de pe hard disk imediat dup\u0103 sesiunea ta de navigare.<\/span><\/p>\n<p style=\"text-align: left;\"><i><span style=\"font-weight: 400;\">Cookie-uri persistente<\/span><\/i><span style=\"font-weight: 400;\"> &#8211; cookie-uri ce r\u0103m\u00e2n salvate pe unitatea hard disk a dispozitivului t\u0103u \u0219i ne permit s\u0103 recunoa\u0219tem dispozitivul \u00een cazul unei vizite ulterioare pe Site-ul nostru.<\/span><\/p>\n<p style=\"text-align: left;\"><span style=\"font-weight: 400;\">Durata de via\u021b\u0103 a unui cookie poate varia \u00een mod semnificativ, \u00een func\u021bie de scopul pentru care este plasat. Anumite cookie-uri sunt folosite exclusiv pentru o singur\u0103 sesiune \u0219i sunt \u0219terse odat\u0103 ce utilizatorul p\u0103r\u0103se\u0219te site-ul, \u00een timp ce alte cookie-uri sunt p\u0103strate \u0219i reutilizate de fiecare dat\u0103 c\u00e2nd utilizatorul revine pe site-ul respectiv. Cu toate acestea, cookie-urile pot fi \u0219terse \u00een orice moment prin adaptarea set\u0103rilor browser-ului.<\/span><\/p>\n<h3 style=\"text-align: left;\"><b><\/b><b>3. Cookie-uri plasate de ter\u021bi<\/b><\/h3>\n<p style=\"text-align: left;\"><span style=\"font-weight: 400;\">\u00cen general, cookie-urile pot fi instalate de c\u0103tre administratorul site-ului accesat de utilizator (a\u0219a-numitele cookie-uri proprii) sau de alte site-uri web (a\u0219a-numitele module cookie-uri instalate de ter\u021bi). Aceast\u0103 Politic\u0103 de Cookies nu acoper\u0103 utilizarea cookie-urilor de c\u0103tre astfel de ter\u021be p\u0103r\u021bi \u0219i pentru mai multe informa\u021bii despre acele cookie-uri, v\u0103 rug\u0103m s\u0103 accesa\u021bi politicile lor de cookies.<\/span><\/p>\n<h3 style=\"text-align: left;\"><b><\/b><b>4. Restric\u021bionarea \u0219i \u0219tergerea cookie-urilor<\/b><\/h3>\n<p style=\"text-align: left;\"><span style=\"font-weight: 400;\">Dac\u0103 dori\u021bi, pute\u021bi restric\u021biona sau \u0219terge cookie-urile utiliz\u00e2nd set\u0103rile browser-ului. Pute\u021bi refuza doar cookie-urile care nu sunt strict necesare pentru fuc\u021bionarea Site-ului. De asemenea, \u00een cazul \u00een care set\u0103rile cookie-urilor restric\u021bionate pe dispozitivul dumneavoastr\u0103, nu ve\u021bi mai putea folosi toate func\u021biile Site-ului nostru.<\/span><\/p>\n<p style=\"text-align: left;\"><span style=\"font-weight: 400;\">Pentru a modifica set\u0103rile browser-ului, pute\u021bi accesa sec\u021biunea \u201eAjutor\u201d din browser-ul dumneavoastr\u0103.<\/span><\/p>\n<p style=\"text-align: left;\"><span style=\"font-weight: 400;\">Pute\u021bi afla mai multe detalii despre schimbarea set\u0103rilor, acces\u00e2nd urm\u0103torul link<span style=\"color: #000000;\">:<\/span><\/span><span style=\"color: #000000;\"><a style=\"color: #000000;\" href=\"http:\/\/www.allaboutcookies.org\/manage-cookies\/\" target=\"_blank\" rel=\"noopener\">\u00a0<b>http:\/\/www.allaboutcookies.org\/manage-cookies\/<\/b><\/a><span style=\"font-weight: 400;\">.<\/span><\/span><\/p>\n<h3 style=\"text-align: left;\"><b>5. Categoriile de cookie-urile folosite pe Site<\/b><\/h3>\n<p style=\"text-align: left;\"><span style=\"font-weight: 400;\">Cookie-urile utilizate pe Site-ul nostru sunt clasificate dup\u0103 cum urmeaz\u0103:<\/span><\/p>\n<p style=\"text-align: left;\"><b>Performan\u021b\u0103<\/b><span style=\"font-weight: 400;\">. Aceste cookie-uri colecteaz\u0103 informa\u021bii despre modul \u00een care utilza\u021bi Site-ul nostru.<\/span><\/p>\n<p style=\"text-align: left;\"><b>Cookie-uri de analiz\u0103<\/b><span style=\"font-weight: 400;\">. Aceste cookie-uri sunt utilizate pentru a colecta informa\u021bii agregate despre num\u0103rul de vizitatori \u0219i despre modul \u00een care utilizeaz\u0103 Site-ul.<\/span><\/p>\n<p style=\"text-align: left;\"><b>Cookie-uri func\u021bionale<\/b><span style=\"font-weight: 400;\"> (strict necesare pentru func\u021bionarea Site-ului). Aceste cookie-uri ne permit s\u0103 control\u0103m o serie de parametri, cum ar fi memorarea preferin\u021belor utilizatorului privind folosirea cookie-urilor.<\/span><\/p>\n<p style=\"text-align: left;\"><b>Cookie-uri pentru sesiuni<\/b><span style=\"font-weight: 400;\">. Aceste cookie-uri permit utilizatorului s\u0103 se conecteze la Site f\u0103r\u0103 a-\u0219i introduce datele contului.<\/span><\/p>\n<h3 style=\"text-align: left;\"><b><\/b><b>6. Cookie-urile utilizate pe Site<\/b><\/h3>\n<p style=\"text-align: left;\"><span style=\"font-weight: 400;\">Cookie-urile utilizate pe Site sunt urm\u0103toarele:\u00a0\u00a0<\/span><b><\/b><\/p>\n\t\t\t\t\t\t\t\t<\/div>\n\t\t\t\t<\/div>\n\t\t\t\t<div class=\"elementor-element elementor-element-60020da cookie-table elementor-widget elementor-widget-text-editor\" data-id=\"60020da\" data-element_type=\"widget\" data-e-type=\"widget\" data-widget_type=\"text-editor.default\">\n\t\t\t\t<div class=\"elementor-widget-container\">\n\t\t\t\t\t\t\t\t\t<table class=\" alignleft\">\n<tbody>\n<tr>\n<td style=\"text-align: center;\" colspan=\"7\"><b>Cookie-uri proprii utilizate de BODOR ARCHITECTURE S.R.L.<\/b><\/td>\n<\/tr>\n<tr>\n<td><b>Denumirea cookie-ului<\/b><\/td>\n<td><b>Categorie<\/b><\/td>\n<td><b>Tip<\/b><\/td>\n<td><b>Scop<\/b><\/td>\n<td><b>Strict necesar<\/b><\/td>\n<td><b>Durat\u0103<\/b><\/td>\n<td><b>Domeniul surs\u0103<\/b><\/td>\n<\/tr>\n<tr>\n<td><span style=\"font-weight: 400;\">wp-wpml_current_language<\/span><\/td>\n<td><span style=\"font-weight: 400;\">func\u021bional<\/span><\/td>\n<td><span style=\"font-weight: 400;\">sesiune<\/span><\/td>\n<td><span style=\"font-weight: 400;\">Plugin-ul multilingv WordPress instaleaz\u0103 acest cookie pentru a stoca limba\/set\u0103rile de limb\u0103 curente.<\/span><\/td>\n<td><span style=\"font-weight: 400;\">da<\/span><\/td>\n<td><span style=\"font-weight: 400;\">60 minute<\/span><\/td>\n<td><span style=\"font-weight: 400;\">bodor.ro<\/span><\/td>\n<\/tr>\n<tr>\n<td><span style=\"font-weight: 400;\">cookies-consent<\/span><\/td>\n<td><span style=\"font-weight: 400;\"> Func\u021bional<\/span><\/td>\n<td><span style=\"font-weight: 400;\"> Persistent<\/span><\/td>\n<td><span style=\"font-weight: 400;\"> CookieYes seteaz\u0103 acest cookie pentru a stoca preferin\u021bele de consim\u021b\u0103m\u00e2nt ale utilizatorului, astfel \u00eenc\u00e2t preferin\u021bele lor s\u0103 fie respectate pentru vizitele viitoare pe acest site. Nu colecteaz\u0103 sau stocheaz\u0103 informa\u021bii personale cu privire la vizitatorii site-uli.<\/span><\/td>\n<td><span style=\"font-weight: 400;\"> Da<\/span><\/td>\n<td><span style=\"font-weight: 400;\"> 1 an<\/span><\/td>\n<td><span style=\"font-weight: 400;\"> bodor.ro<\/span><\/td>\n<\/tr>\n<\/tbody>\n<\/table>\n<p style=\"text-align: left;\"><span style=\"font-weight: 400;\">\u00a0<\/span><\/p>\n<table class=\" alignleft\">\n<tbody>\n<tr>\n<td colspan=\"7\"><b>Cookie-uri utilizate de ter\u021bi<\/b><\/td>\n<\/tr>\n<tr>\n<td><b>Denumirea cookie-ului<\/b><\/td>\n<td><b>Categorie<\/b><\/td>\n<td><b>Tip<\/b><\/td>\n<td><b>Scop<\/b><\/td>\n<td><b>Strict necesar<\/b><\/td>\n<td><b>Durat\u0103<\/b><\/td>\n<td><b>Domeniul surs\u0103<\/b><\/td>\n<\/tr>\n<tr>\n<td><span style=\"font-weight: 400;\">_ga<\/span><\/td>\n<td><span style=\"font-weight: 400;\">Cookie-uri de analiz\u0103<\/span><\/td>\n<td><span style=\"font-weight: 400;\">persistent<\/span><\/td>\n<td><span style=\"font-weight: 400;\">Utilizat pentru pentru a colecta date Google Analytics<\/span><\/td>\n<td><span style=\"font-weight: 400;\">nu<\/span><\/td>\n<td>1 an 1 lun\u0103 4 zile<\/td>\n<td><span style=\"font-weight: 400;\">Google Analytics<\/span><\/td>\n<\/tr>\n<tr>\n<td><span style=\"font-weight: 400;\">_ga_*<\/span><\/td>\n<td><span style=\"font-weight: 400;\">Cookie-uri de analiz\u0103<\/span><\/td>\n<td><span style=\"font-weight: 400;\">persistent<\/span><\/td>\n<td><span style=\"font-weight: 400;\">Google Analytics seteaz\u0103 acest modul cookie pentru a stoca \u0219i num\u0103ra vizion\u0103rile de pagini.<\/span><\/td>\n<td><span style=\"font-weight: 400;\">nu<\/span><\/td>\n<td>1 an 1 lun\u0103 4 zile<\/td>\n<td><span style=\"font-weight: 400;\">Google Analytics<\/span><\/td>\n<\/tr>\n<tr>\n<td><span style=\"font-weight: 400;\">_gid<\/span><\/td>\n<td><span style=\"font-weight: 400;\">Cookie-uri de analiz\u0103<\/span><\/td>\n<td>persistent<\/td>\n<td><span style=\"font-weight: 400;\">Google Analytics seteaz\u0103 aceste cookie-uri pentru a stoca informa\u021bii cu privire la felul \u00een care vizitatorii utilizeaz\u0103 un site, cre\u00e2nd \u00een acela\u0219i timp un raport de analiz\u0103 pentru performan\u021ba website-ului. Unele dintre informa\u021biile colectate includ num\u0103rul de vizitatori, de unde provin \u0219i paginile pe care le viziteaz\u0103 \u00een mod anonim.<\/span><\/td>\n<td><span style=\"font-weight: 400;\">nu<\/span><\/td>\n<td><span style=\"font-weight: 400;\">1 zi<\/span><\/td>\n<td><span style=\"font-weight: 400;\">Google Analytics<\/span><\/td>\n<\/tr>\n<tr>\n<td><span style=\"font-weight: 400;\">_gat_gtag_UA_*<\/span><\/td>\n<td><span style=\"font-weight: 400;\">Cookie-uri de analiz\u0103<\/span><\/td>\n<td><span style=\"font-weight: 400;\">Sesiune<\/span><\/td>\n<td><span style=\"font-weight: 400;\">Google Analytics seteaz\u0103 acest modul cookie pentru a stoca un ID unic de utilizator.<\/span><\/td>\n<td><span style=\"font-weight: 400;\">nu<\/span><\/td>\n<td><span style=\"font-weight: 400;\">1 minut<\/span><\/td>\n<td><span style=\"font-weight: 400;\">Google Analytics<\/span><\/td>\n<\/tr>\n<\/tbody>\n<\/table>\n<p style=\"text-align: left;\">\n\t\t\t\t\t\t\t\t<\/div>\n\t\t\t\t<\/div>\n\t\t\t\t<div class=\"elementor-element elementor-element-4ee11ed elementor-widget elementor-widget-text-editor\" data-id=\"4ee11ed\" data-element_type=\"widget\" data-e-type=\"widget\" data-widget_type=\"text-editor.default\">\n\t\t\t\t<div class=\"elementor-widget-container\">\n\t\t\t\t\t\t\t\t\t<h3 style=\"text-align: left;\"><strong>7. Contact<\/strong><\/h3>\n<p style=\"text-align: left;\"><span style=\"font-weight: 400;\">Dac\u0103 ave\u021bi \u00eentreb\u0103ri sau nel\u0103muriri cu privire la aceast\u0103 Politic\u0103 de Cookies sau la implementarea acesteia, ne pute\u021bi contacta <a style=\"color: #000000;\" href=\"mailto:bodorarh@gmail.com\"><b>bodorarh@gmail.com<\/b><\/a><\/span><\/p>\n\t\t\t\t\t\t\t\t<\/div>\n\t\t\t\t<\/div>\n\t\t\t\t\t<\/div>\n\t\t<\/div>\n\t\t\t\t\t<\/div>\n\t\t<\/section>\n\t\t\t\t<\/div>\n\t\t","protected":false},"excerpt":{"rendered":"<p>Politic\u0103 privind fi\u0219ierele cookies Scopul acestei politici de cookies (\u201ePolitic\u0103 de Cookies\u201d) este de a informa utilizatorii cu privire la modul \u00een care BODOR ARCHITECTURE S.R.L., av\u00e2nd sediul \u00een STR. KOSSUTH LAJOS, NR.1, BL.2, SC.E, AP.2, Sf\u00e2ntu Gheorghe, Covasna, cod de identificare fiscal\u0103 14333536, \u00eenregistrat\u0103 la Oficiul Registrului Comer\u021bului sub nr.J14\/81\/2014 (&#8222;BODOR ARCHITECTURE S.R.L.&#8222;, &#8222;noi&#8222;), [&hellip;]<\/p>\n","protected":false},"author":1,"featured_media":0,"parent":0,"menu_order":0,"comment_status":"closed","ping_status":"closed","template":"","meta":{"site-sidebar-layout":"no-sidebar","site-content-layout":"page-builder","ast-site-content-layout":"default","site-content-style":"default","site-sidebar-style":"default","ast-global-header-display":"","ast-banner-title-visibility":"","ast-main-header-display":"","ast-hfb-above-header-display":"","ast-hfb-below-header-display":"","ast-hfb-mobile-header-display":"","site-post-title":"disabled","ast-breadcrumbs-content":"","ast-featured-img":"disabled","footer-sml-layout":"","ast-disable-related-posts":"","theme-transparent-header-meta":"default","adv-header-id-meta":"","stick-header-meta":"default","header-above-stick-meta":"","header-main-stick-meta":"","header-below-stick-meta":"","astra-migrate-meta-layouts":"default","ast-page-background-enabled":"default","ast-page-background-meta":{"desktop":{"background-color":"var(--ast-global-color-4)","background-image":"","background-repeat":"repeat","background-position":"center center","background-size":"auto","background-attachment":"scroll","background-type":"","background-media":"","overlay-type":"","overlay-color":"","overlay-opacity":"","overlay-gradient":""},"tablet":{"background-color":"","background-image":"","background-repeat":"repeat","background-position":"center center","background-size":"auto","background-attachment":"scroll","background-type":"","background-media":"","overlay-type":"","overlay-color":"","overlay-opacity":"","overlay-gradient":""},"mobile":{"background-color":"","background-image":"","background-repeat":"repeat","background-position":"center center","background-size":"auto","background-attachment":"scroll","background-type":"","background-media":"","overlay-type":"","overlay-color":"","overlay-opacity":"","overlay-gradient":""}},"ast-content-background-meta":{"desktop":{"background-color":"var(--ast-global-color-5)","background-image":"","background-repeat":"repeat","background-position":"center center","background-size":"auto","background-attachment":"scroll","background-type":"","background-media":"","overlay-type":"","overlay-color":"","overlay-opacity":"","overlay-gradient":""},"tablet":{"background-color":"var(--ast-global-color-5)","background-image":"","background-repeat":"repeat","background-position":"center center","background-size":"auto","background-attachment":"scroll","background-type":"","background-media":"","overlay-type":"","overlay-color":"","overlay-opacity":"","overlay-gradient":""},"mobile":{"background-color":"var(--ast-global-color-5)","background-image":"","background-repeat":"repeat","background-position":"center center","background-size":"auto","background-attachment":"scroll","background-type":"","background-media":"","overlay-type":"","overlay-color":"","overlay-opacity":"","overlay-gradient":""}},"footnotes":""},"class_list":["post-1978","page","type-page","status-publish","hentry"],"_links":{"self":[{"href":"https:\/\/bodor.ro\/ro\/wp-json\/wp\/v2\/pages\/1978","targetHints":{"allow":["GET"]}}],"collection":[{"href":"https:\/\/bodor.ro\/ro\/wp-json\/wp\/v2\/pages"}],"about":[{"href":"https:\/\/bodor.ro\/ro\/wp-json\/wp\/v2\/types\/page"}],"author":[{"embeddable":true,"href":"https:\/\/bodor.ro\/ro\/wp-json\/wp\/v2\/users\/1"}],"replies":[{"embeddable":true,"href":"https:\/\/bodor.ro\/ro\/wp-json\/wp\/v2\/comments?post=1978"}],"version-history":[{"count":2,"href":"https:\/\/bodor.ro\/ro\/wp-json\/wp\/v2\/pages\/1978\/revisions"}],"predecessor-version":[{"id":2413,"href":"https:\/\/bodor.ro\/ro\/wp-json\/wp\/v2\/pages\/1978\/revisions\/2413"}],"wp:attachment":[{"href":"https:\/\/bodor.ro\/ro\/wp-json\/wp\/v2\/media?parent=1978"}],"curies":[{"name":"wp","href":"https:\/\/api.w.org\/{rel}","templated":true}]}}